{"id":428,"date":"2019-12-24T14:15:45","date_gmt":"2019-12-24T13:15:45","guid":{"rendered":"https:\/\/www.moroccobymarrakech.com\/?page_id=428"},"modified":"2020-01-02T16:18:39","modified_gmt":"2020-01-02T15:18:39","slug":"home","status":"publish","type":"page","link":"https:\/\/www.moroccobymarrakech.com\/fr\/","title":{"rendered":"Accueil"},"content":{"rendered":"<p>Morocco by Marrakech est une entreprise cr\u00e9\u00e9e dans le but de partager une culture, gard\u00e9e riche de traditions, tout en d\u00e9couvrant l\u2019\u00e9tonnant pays du Maroc. Nous cr\u00e9erons des vacances ou des vacances priv\u00e9es et personnalis\u00e9es au Maroc pour r\u00e9pondre \u00e0 vos besoins et int\u00e9r\u00eats. Que vous soyez un voyageur seul cherchant \u00e0 voyager en toute s\u00e9curit\u00e9, un couple lors d\u2019une escapade romantique ou un petit groupe d\u2019amis, nous pouvons vous emmener partout o\u00f9 vous voulez aller. Dites-nous ce que vous voulez voir, ce que vous voulez faire et ce que vous voulez vivre et nous y arriverons. Nous vous invitons \u00e0 d\u00e9couvrir la v\u00e9ritable intelligence de l\u2019incroyable Maroc \u2013 Venez vivre l\u2019exp\u00e9rience avec nous!<\/p>\n","protected":false},"excerpt":{"rendered":"<p>Morocco by Marrakech est une entreprise cr\u00e9\u00e9e dans le but de partager une culture, gard\u00e9e riche de traditions, tout en &#8230;<\/p>\n","protected":false},"author":1,"featured_media":0,"parent":0,"menu_order":0,"comment_status":"closed","ping_status":"closed","template":"templates\/home.php","meta":{"_acf_changed":false,"footnotes":""},"acf":[],"_links":{"self":[{"href":"https:\/\/www.moroccobymarrakech.com\/fr\/wp-json\/wp\/v2\/pages\/428"}],"collection":[{"href":"https:\/\/www.moroccobymarrakech.com\/fr\/wp-json\/wp\/v2\/pages"}],"about":[{"href":"https:\/\/www.moroccobymarrakech.com\/fr\/wp-json\/wp\/v2\/types\/page"}],"author":[{"embeddable":true,"href":"https:\/\/www.moroccobymarrakech.com\/fr\/wp-json\/wp\/v2\/users\/1"}],"replies":[{"embeddable":true,"href":"https:\/\/www.moroccobymarrakech.com\/fr\/wp-json\/wp\/v2\/comments?post=428"}],"version-history":[{"count":6,"href":"https:\/\/www.moroccobymarrakech.com\/fr\/wp-json\/wp\/v2\/pages\/428\/revisions"}],"predecessor-version":[{"id":1282,"href":"https:\/\/www.moroccobymarrakech.com\/fr\/wp-json\/wp\/v2\/pages\/428\/revisions\/1282"}],"wp:attachment":[{"href":"https:\/\/www.moroccobymarrakech.com\/fr\/wp-json\/wp\/v2\/media?parent=428"}],"curies":[{"name":"wp","href":"https:\/\/api.w.org\/{rel}","templated":true}]}}